{"id":186,"date":"2022-08-23T22:59:11","date_gmt":"2022-08-23T20:59:11","guid":{"rendered":"https:\/\/geoffreyandolfo.fr\/?page_id=186"},"modified":"2023-08-07T15:10:53","modified_gmt":"2023-08-07T13:10:53","slug":"avance-immediate","status":"publish","type":"page","link":"https:\/\/geoffreyandolfo.fr\/index.php\/avance-immediate\/","title":{"rendered":"Avance imm\u00e9diate (FAQ)"},"content":{"rendered":"\n<p class=\"has-text-align-center has-black-color has-text-color\"><span style=\"text-decoration: underline;\"><strong>Qui g\u00e8re ce service <\/strong>?<\/span><\/p>\n\n\n\n<p>Le service Avance imm\u00e9diate est propos\u00e9 par l\u2019Urssaf et la&nbsp;Direction g\u00e9n\u00e9rale des Finances publiques.<\/p>\n\n\n\n<p class=\"has-text-align-center\"><strong><span style=\"text-decoration: underline;\">Qu\u2019est-ce que l\u2019avance imm\u00e9diate de cr\u00e9dit d\u2019imp\u00f4t&nbsp;?<\/span><\/strong><\/p>\n\n\n\n<p>Le service Avance imm\u00e9diate vous permet de d\u00e9duire le montant de votre cr\u00e9dit d\u2019imp\u00f4t du&nbsp;montant d\u00fb \u00e0 votre organisme prestataire.<\/p>\n\n\n\n<p class=\"has-text-align-center has-black-color has-text-color\"><span style=\"text-decoration: underline;\"><strong>Quelles sont les conditions pour b\u00e9n\u00e9ficier du servic<\/strong>e ?<\/span><\/p>\n\n\n\n<p>Pour b\u00e9n\u00e9ficier de ce service :<\/p>\n\n\n\n<ul class=\"wp-block-list\">\n<li>votre organisme de service \u00e0 la personne doit lui-m\u00eame en avoir fait la demande aupr\u00e8s&nbsp;de l\u2019Urssaf. Si votre organisme de services \u00e0 la personne propose ce service, il lui&nbsp;appartient de vous en informer ;<\/li>\n\n\n\n<li>vous devez disposer d\u2019un compte bancaire domicili\u00e9 en France ;<\/li>\n\n\n\n<li>un num\u00e9ro fiscal doit \u00eatre associ\u00e9 \u00e0 votre \u00e9tat civil ;<\/li>\n\n\n\n<li>vous devez avoir d\u00e9j\u00e0 effectu\u00e9 au moins une d\u00e9claration de revenus.<\/li>\n<\/ul>\n\n\n\n<p class=\"has-text-align-center\"><span style=\"text-decoration: underline;\"><strong>Quel sera l\u2019impact sur la facturation ?<\/strong><\/span><\/p>\n\n\n\n<p>L\u2019inscription au service vous donne acc\u00e8s \u00e0 un compte sur la&nbsp;plateforme particulier.urssaf.fr&nbsp;(site accessible \u00e0 compter d\u2019avril 2022) via laquelle votre organisme prestataire vous&nbsp;transmettra des demandes de paiement pour les prestations r\u00e9alis\u00e9es. Vous recevrez alors une&nbsp;notification de l\u2019Urssaf.<\/p>\n\n\n\n<p>Vous disposerez de 48 heures pour valider ou contester cette demande. Une fois valid\u00e9e,&nbsp;l\u2019Urssaf pr\u00e9l\u00e8ve le montant correspondant sur votre compte bancaire dans les 2 jours ouvr\u00e9s&nbsp;suivant la validation et verse le montant de la prestation \u00e0 votre organisme de service \u00e0 la personne dans un d\u00e9lai de 4 jours ouvr\u00e9s apr\u00e8s validation de la demande de paiement.<\/p>\n\n\n\n<p class=\"has-text-align-center\"><span style=\"text-decoration: underline;\"><strong>Qu\u2019est-ce qu\u2019une demande de paiement&nbsp;?<\/strong><\/span><\/p>\n\n\n\n<p>Une demande de paiement indique \u00e0 votre client le montant total des prestations r\u00e9alis\u00e9es ainsi que le montant de son reste \u00e0 payer, apr\u00e8s d\u00e9duction du cr\u00e9dit d\u2019imp\u00f4t.<br>Reste \u00e0 payer = montant de la prestation factur\u00e9e&nbsp;\u2013 cr\u00e9dit d\u2019imp\u00f4t<\/p>\n\n\n\n<p class=\"has-text-align-center\"><span style=\"text-decoration: underline;\"><strong>Dans le cas du versement d\u2019un acompte, celui-ci est-il pris en compte dans la demande de paiement ?<\/strong><\/span><\/p>\n\n\n\n<p>Le montant de la demande de paiement \u00e9mise par votre organisme de services \u00e0 la personne&nbsp;prend en compte le paiement d\u2019un \u00e9ventuel acompte. Celui-ci est donc d\u00e9duit du montant qui vous sera pr\u00e9lev\u00e9 et de celui qui sera vers\u00e9 \u00e0 votre organisme.<\/p>\n\n\n\n<p class=\"has-text-align-center\"><span style=\"text-decoration: underline;\"><strong>Comment acc\u00e9der \u00e0 mes demandes de paiement ?<\/strong><\/span><\/p>\n\n\n\n<p>Vous pouvez retrouver vos demandes de paiement en vous connectant sur votre compte \u00e0 partir particulier.urssaf.fr, \u00e0 la rubrique \u00ab Paiement \u00bb &gt; \u00ab Tous mes paiements \u00bb.<\/p>\n\n\n\n<p class=\"has-text-align-center\"><span style=\"text-decoration: underline;\"><strong>Qui est mon interlocuteur en cas de question ou difficult\u00e9 <\/strong>?<\/span><\/p>\n\n\n\n<p>Pour toute question, merci de vous rapprocher de votre organisme de services \u00e0 la personne.<\/p>\n\n\n\n<p class=\"has-text-align-center\"><strong><span style=\"text-decoration: underline;\">Quel sera l\u2019impact sur ma d\u00e9claration de revenus?<\/span><\/strong><\/p>\n\n\n\n<p>Le montant de l\u2019Avance imm\u00e9diate que vous avez per\u00e7u sera automatiquement pr\u00e9 rempli&nbsp;dans votre d\u00e9claration de revenus. Il vous appartient de v\u00e9rifier ce montant et de le corriger si n\u00e9cessaire.<br>Des informations compl\u00e9mentaires vous seront communiqu\u00e9es \u00e0 l\u2019ouverture de la p\u00e9riode&nbsp;fiscale 2022.<\/p>\n\n\n\n<p class=\"has-text-align-center\"><strong><span style=\"text-decoration: underline;\">Comment suivre la consommation de mon cr\u00e9dit d\u2019imp\u00f4t ?<\/span> <\/strong><\/p>\n\n\n\n<p>Vous retrouverez le r\u00e9capitulatif de votre consommation&nbsp;de cr\u00e9dit d\u2019imp\u00f4t sur la page d\u2019accueil de votre compte, sur particulier.urssaf.fr. Y sont d\u00e9taill\u00e9es les informations suivantes&nbsp;:<\/p>\n\n\n\n<p><\/p>\n\n\n\n<ul class=\"wp-block-list\">\n<li>le plafond annuel d\u2019avance imm\u00e9diate de cr\u00e9dit d\u2019imp\u00f4t ;<\/li>\n\n\n\n<li>le montant consomm\u00e9 sur l\u2019ann\u00e9e ;<\/li>\n\n\n\n<li>le montant encore disponible.<\/li>\n<\/ul>\n\n\n\n<p class=\"has-text-align-center\"><strong><span style=\"text-decoration: underline;\">Vais-je toujours recevoir une attestation fiscale ?<\/span><\/strong><\/p>\n\n\n\n<p>Votre organisme de services \u00e0 la personne, comme chaque ann\u00e9e, devra vous remettre une attestation fiscale.<\/p>\n\n\n\n<p class=\"has-text-align-center\"><strong><span style=\"text-decoration: underline;\">Quel est le plafond de cr\u00e9dit d\u2019imp\u00f4t pour le recours \u00e0 des services \u00e0 la personne&nbsp;?<\/span><\/strong><\/p>\n\n\n\n<p>Le montant du plafond d&#8217;avance imm\u00e9diate de cr\u00e9dit d&#8217;imp\u00f4t est fix\u00e9 par le d\u00e9cret n\u00b0 2021-&nbsp;1935 du 30 d\u00e9cembre 2021 et s\u2019\u00e9l\u00e8ve \u00e0 6 000 \u20ac sur l&#8217;ann\u00e9e (donc 12 000 \u20ac de d\u00e9penses).&nbsp;Celui-ci est port\u00e9 \u00e0 10 000 \u20ac (donc 20 000 \u20ac de d\u00e9penses) pour les particuliers en situation&nbsp;de handicap.<\/p>\n\n\n\n<p class=\"has-text-align-center\"><strong><span style=\"text-decoration: underline;\">Comment cela fonctionne-t-il si je b\u00e9n\u00e9ficie \u00e9galement du service en tant que particulier employeur ?<\/span><\/strong><\/p>\n\n\n\n<p>Si vous b\u00e9n\u00e9ficiez du service Avance imm\u00e9diate en tant que particulier employeur et en tant&nbsp;que client d\u2019un organisme&nbsp;prestataire, vous suivez et g\u00e9rez vos d\u00e9penses sur deux espaces distincts : \u00e0 partir de la rubrique \u00ab Mes aides \u00bb de votre tableau de bord Cesu pour les d\u00e9penses engag\u00e9es en tant que particulier employeur et \u00e0 partir de la plateforme particulier.urssaf.fr&nbsp;pour les d\u00e9penses engag\u00e9es en tant que client d\u2019un organisme de services \u00e0 la personne.A noter : si en plus de votre statut de particulier employeur, vous avez recours \u00e0 une structure&nbsp;de services \u00e0 la personne, le plafond de votre cr\u00e9dit d\u2019imp\u00f4t est applicable au cumul des d\u00e9penses engag\u00e9es aupr\u00e8s du Cesu et de vos prestataires de services \u00e0 la personne.<\/p>\n\n\n\n<p class=\"has-text-align-center\"><span style=\"text-decoration: underline;\"><strong>Votre organisme de services \u00e0 la personne, comme chaque ann\u00e9e, devra vous remettre une attestation fiscale ?<\/strong><\/span><\/p>\n\n\n\n<p>Les d\u00e9penses effectu\u00e9es \u00e0 partir de janvier 2022 concerneront la d\u00e9claration de revenus 2022, qui sera faite en 2023.<\/p>\n\n\n\n<p>La \u00ab traditionnelle avance RICI \u00bb, qui sera envoy\u00e9e le 15 janvier 2022, concerne les revenus de&nbsp;2021 et coexistera donc cette ann\u00e9e pour les usagers recourant \u00e0 l\u2019Avance imm\u00e9diate (puisque&nbsp;cela concerne 2022).<\/p>\n\n\n\n<p>A partir de 2023, un \u00e9change de donn\u00e9es interviendra chaque ann\u00e9e entre la DGFiP est l&#8217;Urssaf&nbsp;pour prendre en compte de mani\u00e8re automatique le b\u00e9n\u00e9ficie de l\u2019Avance imm\u00e9diate vers\u00e9e en 2022 dans le montant de l\u2019acompte vers\u00e9 en janvier 2023. Le contribuable n\u2019aura rien \u00e0&nbsp;faire.<\/p>\n\n\n\n<p>L&#8217;avance RICI n\u2019est pas modifi\u00e9e pour tous les autres cr\u00e9dits et r\u00e9ductions d&#8217;imp\u00f4ts non concern\u00e9s par l\u2019Avance imm\u00e9diate<\/p>\n\n\n\n<p class=\"has-text-align-center\"><strong><span style=\"text-decoration: underline;\">Quel est mon identifiant de connexion ?<\/span><\/strong><\/p>\n\n\n\n<p>L\u2019identifiant vous permettant de vous connecter \u00e0 votre compte correspond \u00e0 l\u2019adresse mail \u00e0 laquelle le mail d\u2019activation de votre compte vous a \u00e9t\u00e9 envoy\u00e9.<\/p>\n\n\n\n<p class=\"has-text-align-center\"><strong><span style=\"text-decoration: underline;\">J\u2019ai perdu mon mot de passe, comment faire ?<\/span><\/strong><\/p>\n\n\n\n<p>Si vous avez perdu votre mot de passe, rendez-vous sur particulier.urssaf.fr. Cliquez sur \u00ab Me connecter \u00bb puis \u00ab Mot de passe oubli\u00e9 \u00bb et laissez-vous guider.<\/p>\n\n\n\n<p class=\"has-text-align-center\"> <strong><span style=\"text-decoration: underline;\">Comment modifier mes informations personnelle ?<\/span><\/strong><\/p>\n\n\n\n<p>Vous pouvez modifier \u00e0 tout moment vos informations personnelles \u00e0 partir de votre compte, en cliquant sur votre nom.<\/p>\n\n\n\n<p class=\"has-text-align-center\"><span style=\"text-decoration: underline;\"><strong>Comment modifier mes coordonn\u00e9es bancaires ?<\/strong><\/span><\/p>\n\n\n\n<p>Vous pouvez modifier \u00e0 tout moment vos coordonn\u00e9es bancaires \u00e0 partir de votre compte, en cliquant sur votre nom.<br>Attention : le compte bancaire saisi doit \u00eatre domicili\u00e9 en France.<\/p>\n\n\n\n<p class=\"has-text-align-center\"><span style=\"text-decoration: underline;\"><strong>Comment modifier mon mot de pass<\/strong>e<\/span> ?<\/p>\n\n\n\n<p>Vous pouvez modifier \u00e0 tout moment votre mot de passe \u00e0 partir de votre compte, en cliquant sur votre nom.<\/p>\n","protected":false},"excerpt":{"rendered":"<div class=\"entry-summary\">\nQui g\u00e8re ce service ? Le service Avance imm\u00e9diate est propos\u00e9 par l\u2019Urssaf et la&nbsp;Direction g\u00e9n\u00e9rale des Finances publiques. Qu\u2019est-ce que l\u2019avance imm\u00e9diate de cr\u00e9dit d\u2019imp\u00f4t&nbsp;? Le service Avance imm\u00e9diate vous permet de d\u00e9duire le montant de votre cr\u00e9dit d\u2019imp\u00f4t du&nbsp;montant d\u00fb \u00e0 votre organisme prestataire. Quelles sont les conditions pour b\u00e9n\u00e9ficier du service ?&hellip;\n<\/div>\n<div class=\"link-more\"><a href=\"https:\/\/geoffreyandolfo.fr\/index.php\/avance-immediate\/\" class=\"more-link\">Continue reading<span class=\"screen-reader-text\"> &ldquo;Avance imm\u00e9diate (FAQ)&rdquo;<\/span>&hellip;<\/a><\/div>\n","protected":false},"author":1,"featured_media":0,"parent":0,"menu_order":0,"comment_status":"closed","ping_status":"closed","template":"","meta":{"footnotes":""},"class_list":["post-186","page","type-page","status-publish","hentry","entry"],"_links":{"self":[{"href":"https:\/\/geoffreyandolfo.fr\/index.php\/wp-json\/wp\/v2\/pages\/186","targetHints":{"allow":["GET"]}}],"collection":[{"href":"https:\/\/geoffreyandolfo.fr\/index.php\/wp-json\/wp\/v2\/pages"}],"about":[{"href":"https:\/\/geoffreyandolfo.fr\/index.php\/wp-json\/wp\/v2\/types\/page"}],"author":[{"embeddable":true,"href":"https:\/\/geoffreyandolfo.fr\/index.php\/wp-json\/wp\/v2\/users\/1"}],"replies":[{"embeddable":true,"href":"https:\/\/geoffreyandolfo.fr\/index.php\/wp-json\/wp\/v2\/comments?post=186"}],"version-history":[{"count":8,"href":"https:\/\/geoffreyandolfo.fr\/index.php\/wp-json\/wp\/v2\/pages\/186\/revisions"}],"predecessor-version":[{"id":208,"href":"https:\/\/geoffreyandolfo.fr\/index.php\/wp-json\/wp\/v2\/pages\/186\/revisions\/208"}],"wp:attachment":[{"href":"https:\/\/geoffreyandolfo.fr\/index.php\/wp-json\/wp\/v2\/media?parent=186"}],"curies":[{"name":"wp","href":"https:\/\/api.w.org\/{rel}","templated":true}]}}