{"id":2,"date":"2021-05-17T12:49:54","date_gmt":"2021-05-17T10:49:54","guid":{"rendered":"https:\/\/geoffreyandolfo.fr\/?page_id=2"},"modified":"2022-08-24T00:19:47","modified_gmt":"2022-08-23T22:19:47","slug":"bienvenue","status":"publish","type":"page","link":"https:\/\/geoffreyandolfo.fr\/","title":{"rendered":"Bienvenue"},"content":{"rendered":"<div class=\"wp-block-image\">\n<figure class=\"alignright size-large is-resized\"><img loading=\"lazy\" decoding=\"async\" src=\"https:\/\/geoffreyandolfo.fr\/wp-content\/uploads\/2022\/08\/logo-SAP-1024x865.jpg\" alt=\"\" class=\"wp-image-160\" width=\"166\" height=\"140\" srcset=\"https:\/\/geoffreyandolfo.fr\/wp-content\/uploads\/2022\/08\/logo-SAP-1024x865.jpg 1024w, https:\/\/geoffreyandolfo.fr\/wp-content\/uploads\/2022\/08\/logo-SAP-300x253.jpg 300w, https:\/\/geoffreyandolfo.fr\/wp-content\/uploads\/2022\/08\/logo-SAP-768x649.jpg 768w, https:\/\/geoffreyandolfo.fr\/wp-content\/uploads\/2022\/08\/logo-SAP-1536x1297.jpg 1536w, https:\/\/geoffreyandolfo.fr\/wp-content\/uploads\/2022\/08\/logo-SAP.jpg 1626w\" sizes=\"auto, (max-width: 166px) 100vw, 166px\" \/><\/figure>\n<\/div>\n\n\n<h2 class=\"has-text-align-center has-vivid-red-color has-white-background-color has-text-color has-background has-medium-font-size wp-block-heading\"><span style=\"text-decoration: underline;\"><em>Nouveau : Avance imm\u00e9diate <br>(voir onglets &#8220;Tarifs&#8221;)<\/em><\/span><\/h2>\n\n\n\n<h2 class=\"wp-block-heading\">En quelques mots&#8230;<\/h2>\n\n\n\n<p class=\"has-text-align-left has-normal-font-size\">Depuis bient\u00f4t pr\u00e8s de 10 ans et plus de 200 \u00e9l\u00e8ves form\u00e9s, je me suis sp\u00e9cialis\u00e9 dans l&#8217;accompagnement des pr\u00e9-adolescents, des adolescents et des jeunes adultes dans les math\u00e9matiques. En effet, qu\u2019il soit scolaire (de la maternelle au lyc\u00e9e), de formation ou professionnelle (concours CRPE, concours d\u2019infirmi\u00e8res\u2026), l\u2019enseignement que j\u2019apporte offre l\u2019assurance d\u2019une r\u00e9ussite de l\u2019objectif recherch\u00e9 dans pr\u00e8s de 95% des cas. En effet, je m&#8217;\u00e9vertue \u00e0 donner du sens \u00e0 la scolarit\u00e9 de chacun en aidant l\u2019\u00e9l\u00e8ve \u00e0 dessiner les contours de sa vie professionnelle future. Ma prestation n&#8217;est pas purement acad\u00e9mique et ne se borne pas \u00e0 la simple explication d&#8217;un cours, d&#8217;un exercice ou d\u2019une le\u00e7on. Je recherche \u00e0 \u00e9tablir avec mon \u00e9l\u00e8ve une relation de confiance et une complicit\u00e9 r\u00e9elle dans le but de l&#8217;aider \u00e0 retrouver foi en lui-m\u00eame mais \u00e9galement foi en cette mati\u00e8re si complexe qu\u2019est les math\u00e9matiques. Ma p\u00e9dagogie repose sur <strong>les 3 R<\/strong> :<\/p>\n\n\n\n<div class=\"wp-block-columns is-layout-flex wp-container-core-columns-is-layout-9d6595d7 wp-block-columns-is-layout-flex\">\n<div class=\"wp-block-column is-layout-flow wp-block-column-is-layout-flow\">\n<h2 class=\"has-text-align-center wp-block-heading\">R\u00e9apprendre<\/h2>\n<\/div>\n\n\n\n<div class=\"wp-block-column is-layout-flow wp-block-column-is-layout-flow\"><\/div>\n\n\n\n<div class=\"wp-block-column is-layout-flow wp-block-column-is-layout-flow\">\n<h2 class=\"has-text-align-center wp-block-heading\">R\u00e9ussite<\/h2>\n<\/div>\n<\/div>\n\n\n\n<h2 class=\"has-text-align-center wp-block-heading\">R\u00e9sultats<\/h2>\n\n\n\n<p class=\"has-text-align-center\">Professeur sp\u00e9cialis\u00e9,&nbsp;poss\u00e9dant l&#8217;agr\u00e9ment des services \u00e0 la personne, &nbsp;je donne des cours \u00e0 domicile de math\u00e9matiques tous niveaux pour permettre \u00e0 votre enfant d\u2019obtenir un enseignement clair, pr\u00e9cis et facile.&nbsp;<\/p>\n\n\n\n<p class=\"has-text-align-center\"><strong>Une notion ma\u00eetris\u00e9e par l&#8217;\u00e9l\u00e8ve ne sera comprise que si ce dernier pourra expliquer chaque contour de cette notion et de son utilit\u00e9.<\/strong><\/p>\n\n\n\n<p class=\"has-text-align-center\"><em>Obtenez des progr\u00e8s rapides lui redonnant go\u00fbt rapidement aux math\u00e9matiques.&nbsp;<\/em><\/p>\n\n\n\n<p class=\"has-text-align-center\">Secteur Moselle enti\u00e8re<\/p>\n\n\n\n<blockquote class=\"wp-block-quote is-layout-flow wp-block-quote-is-layout-flow\"><p><em>&#8220;Apprendre c\u2019est comprendre, et comprendre c\u2019est savoir faire&#8221;<\/em><\/p><cite>Geoffrey Andolfo<\/cite><\/blockquote>\n\n\n\n<p class=\"has-text-align-center\">Je couvre tous les niveaux de CP \u00e0 TERMINALE et je pr\u00e9pare aux concours CRPE (professeur des \u00e9coles) &#8211; et certaines classes de niveaux sup\u00e9rieurs.<br>Je propose mes cours par s\u00e9ance d\u20191h30 dans 95% des cas (parfois 2h pour les plus grands et 1h pour les plus jeunes)<\/p>\n\n\n\n<p class=\"has-text-align-center\">A mes yeux l\u2019enseignement des <strong>MATHS &nbsp;<\/strong>:<\/p>\n\n\n\n<ul class=\"has-medium-font-size wp-block-list\"><li><strong>M<\/strong> comme Maitrise de la mati\u00e8re en tr\u00e8s peu de temps. (Hausse 5,2 points\/moyenne)<\/li><li><strong>A<\/strong> comme Aide personnalis\u00e9e et Apprentissage permettant \u00e0 l\u2019\u00e9l\u00e8ve de participer en classe, de rattraper le retard accumul\u00e9 et de r\u00e9ussir les contr\u00f4les.<\/li><li><strong>T<\/strong> comme Travailler dans les meilleurs conditions afin de redonner confiance \u00e0 l\u2019\u00e9l\u00e8ve.<\/li><li><strong>H<\/strong> comme Habituer l\u2019&nbsp;\u00e9l\u00e8ve \u00e0 d\u00e9velopper une m\u00e9thodologie adapt\u00e9e pour faire face \u00e0 chaque difficult\u00e9s&nbsp;<\/li><li><strong>S<\/strong> comme Succ\u00e8s obtenus \u00e0 95% dans tous les examens<\/li><\/ul>\n\n\n\n<p class=\"has-text-align-center\">Joignable 7 jours sur 7, suivi rigoureux, r\u00e9gulier tout au long de l&#8217;ann\u00e9e scolaire avec cr\u00e9ation de fiches de cours&nbsp; m\u00e9thodologiques et m\u00e9ticuleuses.<br>Mes programmes s&#8217;adaptent avec la crise sanitaire avec des m\u00e9thodes adapt\u00e9es aux nouvelles r\u00e9formes du lyc\u00e9e et coll\u00e8ge.<br>De plus ;<\/p>\n\n\n\n<ul class=\"wp-block-list\"><li>Possibilit\u00e9 de payer par <strong>CESU<\/strong> pr\u00e9financ\u00e9e.<\/li><li>Possibilit\u00e9 de b\u00e9n\u00e9ficier <strong>d\u2019une remise de 50% en cr\u00e9dits d&#8217;imp\u00f4ts<\/strong> ou r\u00e9duction d&#8217;imp\u00f4ts avec mise place de factures.<\/li><li>Tarifs \u00e9volutifs en fonction de la distance et du niveau de l\u2019\u00e9l\u00e8ve.<\/li><\/ul>\n\n\n\n<p class=\"has-text-align-center\">Respect strict des r\u00e8gles sanitaires en vigueur&nbsp;<br><br>N\u2019h\u00e9sitez pas \u00e0 me contacter vous pouvez me contacter \u00e0 tout moment de la journ\u00e9e au : 06 31 89 39 34<\/p>\n\n\n\n<p class=\"has-text-align-center\">ou via le formulaire de contact suivant<br><\/p>\n\n\n\n<div class=\"wp-block-contact-form-7-contact-form-selector\"><div role=\"form\" class=\"wpcf7\" id=\"wpcf7-f35-o1\" lang=\"fr-FR\" dir=\"ltr\">\n<div class=\"screen-reader-response\"><p role=\"status\" aria-live=\"polite\" aria-atomic=\"true\"><\/p> <ul><\/ul><\/div>\n<form action=\"\/index.php\/wp-json\/wp\/v2\/pages\/2#wpcf7-f35-o1\" method=\"post\" class=\"wpcf7-form init\" novalidate=\"novalidate\" data-status=\"init\">\n<div style=\"display: none;\">\n<input type=\"hidden\" name=\"_wpcf7\" value=\"35\" \/>\n<input type=\"hidden\" name=\"_wpcf7_version\" value=\"5.4.1\" \/>\n<input type=\"hidden\" name=\"_wpcf7_locale\" value=\"fr_FR\" \/>\n<input type=\"hidden\" name=\"_wpcf7_unit_tag\" value=\"wpcf7-f35-o1\" \/>\n<input type=\"hidden\" name=\"_wpcf7_container_post\" value=\"0\" \/>\n<input type=\"hidden\" name=\"_wpcf7_posted_data_hash\" value=\"\" \/>\n<\/div>\n<p><label> Votre nom (obligatoire)<br \/>\n    <span class=\"wpcf7-form-control-wrap your-name\"><input type=\"text\" name=\"your-name\" value=\"\" size=\"40\" class=\"wpcf7-form-control wpcf7-text wpcf7-validates-as-required\" aria-required=\"true\" aria-invalid=\"false\" \/><\/span> <\/label><\/p>\n<p><label> Votre e-mail (obligatoire)<br \/>\n    <span class=\"wpcf7-form-control-wrap your-email\"><input type=\"email\" name=\"your-email\" value=\"\" size=\"40\" class=\"wpcf7-form-control wpcf7-text wpcf7-email wpcf7-validates-as-required wpcf7-validates-as-email\" aria-required=\"true\" aria-invalid=\"false\" \/><\/span> <\/label><\/p>\n<p><label> Objet (obligatoire)<br \/>\n    <span class=\"wpcf7-form-control-wrap your-subject\"><input type=\"text\" name=\"your-subject\" value=\"\" size=\"40\" class=\"wpcf7-form-control wpcf7-text wpcf7-validates-as-required\" aria-required=\"true\" aria-invalid=\"false\" \/><\/span> <\/label><\/p>\n<p><label> Votre message (obligatoire)<br \/>\n    <span class=\"wpcf7-form-control-wrap your-message\"><textarea name=\"your-message\" cols=\"40\" rows=\"10\" class=\"wpcf7-form-control wpcf7-textarea wpcf7-validates-as-required\" aria-required=\"true\" aria-invalid=\"false\"><\/textarea><\/span> <\/label><\/p>\n<p><label> Anti-Spam (obligatoire)<br \/>\n    <span class=\"wpcf7-form-control-wrap spam-quiz\"><label><span class=\"wpcf7-quiz-label\">Quel chiffre est le plus grand, 6 ou 5?<\/span> <input type=\"text\" name=\"spam-quiz\" size=\"40\" class=\"wpcf7-form-control wpcf7-quiz\" autocomplete=\"off\" aria-required=\"true\" aria-invalid=\"false\" \/><\/label><input type=\"hidden\" name=\"_wpcf7_quiz_answer_spam-quiz\" value=\"0410f2831d71f912baaece60b74c14c5\" \/><\/span> <\/label><\/p>\n<p><label> RGPD (obligatoire)<br \/>\n<span class=\"wpcf7-form-control-wrap acceptance-973\"><span class=\"wpcf7-form-control wpcf7-acceptance\"><span class=\"wpcf7-list-item\"><label><input type=\"checkbox\" name=\"acceptance-973\" value=\"1\" aria-invalid=\"false\" \/><span class=\"wpcf7-list-item-label\">Conform\u00e9ment au RGPD, vous acceptez que Geoffrey Andolfo traite vos donn\u00e9es personnelles afin de vous r\u00e9pondre.<\/span><\/label><\/span><\/span><\/span><\/label><\/p>\n<p><input type=\"submit\" value=\"Envoyer\" class=\"wpcf7-form-control wpcf7-submit\" \/><\/p>\n<div class=\"wpcf7-response-output\" aria-hidden=\"true\"><\/div><\/form><\/div><\/div>\n","protected":false},"excerpt":{"rendered":"<div class=\"entry-summary\">\nNouveau : Avance imm\u00e9diate (voir onglets &#8220;Tarifs&#8221;) En quelques mots&#8230; Depuis bient\u00f4t pr\u00e8s de 10 ans et plus de 200 \u00e9l\u00e8ves form\u00e9s, je me suis sp\u00e9cialis\u00e9 dans l&#8217;accompagnement des pr\u00e9-adolescents, des adolescents et des jeunes adultes dans les math\u00e9matiques. En effet, qu\u2019il soit scolaire (de la maternelle au lyc\u00e9e), de formation ou professionnelle (concours CRPE,&hellip;\n<\/div>\n<div class=\"link-more\"><a href=\"https:\/\/geoffreyandolfo.fr\/\" class=\"more-link\">Continue reading<span class=\"screen-reader-text\"> &ldquo;Bienvenue&rdquo;<\/span>&hellip;<\/a><\/div>\n","protected":false},"author":1,"featured_media":0,"parent":0,"menu_order":0,"comment_status":"closed","ping_status":"closed","template":"","meta":{"footnotes":""},"class_list":["post-2","page","type-page","status-publish","hentry","entry"],"_links":{"self":[{"href":"https:\/\/geoffreyandolfo.fr\/index.php\/wp-json\/wp\/v2\/pages\/2","targetHints":{"allow":["GET"]}}],"collection":[{"href":"https:\/\/geoffreyandolfo.fr\/index.php\/wp-json\/wp\/v2\/pages"}],"about":[{"href":"https:\/\/geoffreyandolfo.fr\/index.php\/wp-json\/wp\/v2\/types\/page"}],"author":[{"embeddable":true,"href":"https:\/\/geoffreyandolfo.fr\/index.php\/wp-json\/wp\/v2\/users\/1"}],"replies":[{"embeddable":true,"href":"https:\/\/geoffreyandolfo.fr\/index.php\/wp-json\/wp\/v2\/comments?post=2"}],"version-history":[{"count":14,"href":"https:\/\/geoffreyandolfo.fr\/index.php\/wp-json\/wp\/v2\/pages\/2\/revisions"}],"predecessor-version":[{"id":202,"href":"https:\/\/geoffreyandolfo.fr\/index.php\/wp-json\/wp\/v2\/pages\/2\/revisions\/202"}],"wp:attachment":[{"href":"https:\/\/geoffreyandolfo.fr\/index.php\/wp-json\/wp\/v2\/media?parent=2"}],"curies":[{"name":"wp","href":"https:\/\/api.w.org\/{rel}","templated":true}]}}