{"id":52,"date":"2021-05-23T17:46:24","date_gmt":"2021-05-23T15:46:24","guid":{"rendered":"https:\/\/geoffreyandolfo.fr\/?page_id=52"},"modified":"2021-05-23T18:00:08","modified_gmt":"2021-05-23T16:00:08","slug":"methodologie","status":"publish","type":"page","link":"https:\/\/geoffreyandolfo.fr\/index.php\/methodologie\/","title":{"rendered":"M\u00e9thodologie"},"content":{"rendered":"\n<h2 class=\"wp-block-heading\">En quelques mots&#8230;<\/h2>\n\n\n\n<p>Depuis bient\u00f4t pr\u00e8s de 10 ans et plus de 200 \u00e9l\u00e8ves form\u00e9s, je me suis sp\u00e9cialis\u00e9<br>dans l&#8217;accompagnement des pr\u00e9-adolescents, des adolescents et des jeunes adultes<br>dans les math\u00e9matiques.<br>En effet, qu\u2019il soit scolaire (de la maternelle au lyc\u00e9e), de formation ou<br>professionnelle (concours CRPE, concours d\u2019infirmi\u00e8res\u2026), l\u2019enseignement que<br>j\u2019apporte offre l\u2019assurance d\u2019une r\u00e9ussite de l\u2019objectif recherch\u00e9 dans pr\u00e8s de 95%<br>des cas.<br>En effet, je m&#8217;\u00e9vertue \u00e0 donner du sens \u00e0 la scolarit\u00e9 de chacun en aidant l\u2019\u00e9l\u00e8ve \u00e0<br>dessiner les contours de sa vie professionnelle future.<br>Ma prestation n&#8217;est pas purement acad\u00e9mique et ne se borne pas \u00e0 la simple<br>explication d&#8217;un cours, d&#8217;un exercice ou d\u2019une le\u00e7on. Je recherche \u00e0 \u00e9tablir avec mon<br>\u00e9l\u00e8ve une relation de confiance et une complicit\u00e9 r\u00e9elle dans le but de l&#8217;aider \u00e0<br>retrouver foi en lui-m\u00eame mais \u00e9galement foi en cette mati\u00e8re si complexe qu\u2019est les<br>math\u00e9matiques.<br>Ma p\u00e9dagogie repose sur deux axes simples :<br>\u2022 LES 3 R :<\/p>\n\n\n\n<p class=\"has-text-align-center\"><strong>R\u00e9apprendre \u2013 R\u00e9sultats \u2013 R\u00e9ussite<\/strong><\/p>\n\n\n\n<p>\u2022 Apprendre c\u2019est comprendre, et comprendre c\u2019est savoir faire<br>Une notion maitris\u00e9e par l\u2019\u00e9l\u00e8ve ne sera comprise que si ce dernier pourra expliquer<br>chaque contour de cette notion et son utilit\u00e9.<br><\/p>\n\n\n\n<h2 class=\"wp-block-heading\">Les grands principes de ma m\u00e9thodologie<\/h2>\n\n\n\n<p>\u2022 Un test me permettant d\u2019\u00e9tablir les lacunes de l\u2019\u00e9l\u00e8ve sera au d\u00e9but de chaque collaboration afin de pouvoir les r\u00e9sorber rapidement.<br>\u2022 Je peux garantir sur un trimestre une augmentation de 3 \u00e0 5 points de la moyenne dans la mati\u00e8re que j&#8217;enseigne gr\u00e2ce \u00e0 une nouvelle m\u00e9thodologie adapt\u00e9e.<br>Ce positionnement exceptionnel d\u00e9coule d&#8217;une optimisation constante de mes m\u00e9thodes d\u2019apprentissage et surtout d&#8217;une capacit\u00e9 \u00e0 comprendre parfaitement le mode de pens\u00e9e de l\u2019\u00e9l\u00e8ve afin de lui trouver le cadre d&#8217;\u00e9volution le plus ad\u00e9quat et de m\u2019y adapter.<br>\u2022 En plus de la compr\u00e9hension et de la &#8220;technique&#8221;, mes cours se basent sur une nouvelle m\u00e9thodologie d&#8217;apprentissage, m\u00e9thodologie qui permettra \u00e0 l\u2019\u00e9l\u00e8ve de voir une autre facette des math\u00e9matiques et d\u2019am\u00e9liorer la qualit\u00e9 de ces copies. Cette m\u00e9thodologie lui apportera \u00e9galement un gain de temps (M\u00e9thodologie \u00e9galement utile pour les autres mati\u00e8res)<br>Cette derni\u00e8re se base sur le principe de reprendre les notions de cours <strong>avec des exemples de la vie quotidienne<\/strong> pour les rendre plus famili\u00e8res.<br>\u2022 Suivi p\u00e9dagogique r\u00e9gulier avec les parents<br>\u2022 Je m\u2019attache \u00e0 faire un cours \u00ab vivant \u00bb, ordonn\u00e9 et efficient. Ainsi, ma d\u00e9marche est de rendre le cours <strong>facile<\/strong>, <strong>efficace <\/strong>et <strong>amusant <\/strong>pour tous afin d\u2019aboutir \u00e0 de bons r\u00e9sultats avec le minimum de d\u00e9penses<br>\u2022 Pendant le cours, des exercices d\u2019applications et des exercices de degr\u00e9s \u00e9volutifs seront demand\u00e9s \u00e0 l\u2019\u00e9l\u00e8ve afin de le mettre dans les meilleures conditions pour le contr\u00f4le<br>\u2022 Entre chaque cours, un travail interm\u00e9diaire est possible (en accord avec l\u2019\u00e9l\u00e8ve et les parents), travail qui portera sur les notions vues ensemble au cours de la s\u00e9ance. Ces devoirs me permettront de visualiser la progression effective de l&#8217;\u00e9l\u00e8ve.<\/p>\n\n\n\n<h2 class=\"wp-block-heading\">Les bonus de ma m\u00e9thodologie<\/h2>\n\n\n\n<ul class=\"wp-block-list\"><li>Un suivi <strong>gratuit <\/strong>par t\u00e9l\u00e9phone est assur\u00e9 7jours\/7 en cas de besoins pour l\u2019aider dans un exercice non compris ou une notion de cours non maitris\u00e9e<\/li><li>Patience et sourire en toutes circonstances<\/li><li>Aide \u00e0 l&#8217;orientation avec conseils avis\u00e9s<\/li><\/ul>\n\n\n\n<p><\/p>\n","protected":false},"excerpt":{"rendered":"<div class=\"entry-summary\">\nEn quelques mots&#8230; Depuis bient\u00f4t pr\u00e8s de 10 ans et plus de 200 \u00e9l\u00e8ves form\u00e9s, je me suis sp\u00e9cialis\u00e9dans l&#8217;accompagnement des pr\u00e9-adolescents, des adolescents et des jeunes adultesdans les math\u00e9matiques.En effet, qu\u2019il soit scolaire (de la maternelle au lyc\u00e9e), de formation ouprofessionnelle (concours CRPE, concours d\u2019infirmi\u00e8res\u2026), l\u2019enseignement quej\u2019apporte offre l\u2019assurance d\u2019une r\u00e9ussite de l\u2019objectif recherch\u00e9&hellip;\n<\/div>\n<div class=\"link-more\"><a href=\"https:\/\/geoffreyandolfo.fr\/index.php\/methodologie\/\" class=\"more-link\">Continue reading<span class=\"screen-reader-text\"> &ldquo;M\u00e9thodologie&rdquo;<\/span>&hellip;<\/a><\/div>\n","protected":false},"author":1,"featured_media":0,"parent":0,"menu_order":0,"comment_status":"closed","ping_status":"closed","template":"","meta":{"footnotes":""},"class_list":["post-52","page","type-page","status-publish","hentry","entry"],"_links":{"self":[{"href":"https:\/\/geoffreyandolfo.fr\/index.php\/wp-json\/wp\/v2\/pages\/52","targetHints":{"allow":["GET"]}}],"collection":[{"href":"https:\/\/geoffreyandolfo.fr\/index.php\/wp-json\/wp\/v2\/pages"}],"about":[{"href":"https:\/\/geoffreyandolfo.fr\/index.php\/wp-json\/wp\/v2\/types\/page"}],"author":[{"embeddable":true,"href":"https:\/\/geoffreyandolfo.fr\/index.php\/wp-json\/wp\/v2\/users\/1"}],"replies":[{"embeddable":true,"href":"https:\/\/geoffreyandolfo.fr\/index.php\/wp-json\/wp\/v2\/comments?post=52"}],"version-history":[{"count":3,"href":"https:\/\/geoffreyandolfo.fr\/index.php\/wp-json\/wp\/v2\/pages\/52\/revisions"}],"predecessor-version":[{"id":64,"href":"https:\/\/geoffreyandolfo.fr\/index.php\/wp-json\/wp\/v2\/pages\/52\/revisions\/64"}],"wp:attachment":[{"href":"https:\/\/geoffreyandolfo.fr\/index.php\/wp-json\/wp\/v2\/media?parent=52"}],"curies":[{"name":"wp","href":"https:\/\/api.w.org\/{rel}","templated":true}]}}