{"id":54,"date":"2021-05-23T17:46:59","date_gmt":"2021-05-23T15:46:59","guid":{"rendered":"https:\/\/geoffreyandolfo.fr\/?page_id=54"},"modified":"2023-08-07T15:08:53","modified_gmt":"2023-08-07T13:08:53","slug":"tarifs","status":"publish","type":"page","link":"https:\/\/geoffreyandolfo.fr\/index.php\/tarifs\/","title":{"rendered":"Tarifs et Avance imm\u00e9diate"},"content":{"rendered":"\n<p class=\"has-text-align-center bloc-encadre has-large-font-size\">Tarifs \u00e0 partir de<br>35\u20ac<sup>TTC\/H<\/sup> de l\u2019heure <sup>(1, 2)<\/sup><\/p>\n\n\n\n<p class=\"has-text-align-center bloc-encadre has-white-color has-black-background-color has-text-color has-background has-large-font-size\"><span style=\"text-decoration: underline;\">Nouveau : Ne payez que 50% du prix de vos cours \u00e0 domicile gr\u00e2ce \u00e0 l&#8217;avance imm\u00e9diate<\/span><sup> (<\/sup><sup>3)<\/sup>.<\/p>\n\n\n\n<h1 class=\"wp-block-heading has-text-align-center has-vivid-red-color has-text-color\" style=\"font-size:26px\"><em><span style=\"text-decoration: underline;\">L&#8217;avance imm\u00e9diate de l&#8217;Urssaf, c&#8217;est quoi ?<\/span><\/em><\/h1>\n\n\n\n<p class=\"has-text-align-center\">L\u2019Urssaf cr\u00e9e le service Avance imm\u00e9diate, qui permet \u00e0 tous<br>les particuliers qui ont recours aux services \u00e0 la personne de b\u00e9n\u00e9ficier&nbsp;de leur cr\u00e9dit d\u2019imp\u00f4t en temps r\u00e9el, au moment de leurs d\u00e9penses.<\/p>\n\n\n<div class=\"wp-block-image\">\n<figure class=\"aligncenter size-large is-resized\"><img loading=\"lazy\" decoding=\"async\" src=\"https:\/\/geoffreyandolfo.fr\/wp-content\/uploads\/2022\/08\/Capture-decran-2022-08-03-a-17.56.33-1024x920.png\" alt=\"\" class=\"wp-image-170\" width=\"373\" height=\"334\" srcset=\"https:\/\/geoffreyandolfo.fr\/wp-content\/uploads\/2022\/08\/Capture-decran-2022-08-03-a-17.56.33-1024x920.png 1024w, https:\/\/geoffreyandolfo.fr\/wp-content\/uploads\/2022\/08\/Capture-decran-2022-08-03-a-17.56.33-300x269.png 300w, https:\/\/geoffreyandolfo.fr\/wp-content\/uploads\/2022\/08\/Capture-decran-2022-08-03-a-17.56.33-768x690.png 768w, https:\/\/geoffreyandolfo.fr\/wp-content\/uploads\/2022\/08\/Capture-decran-2022-08-03-a-17.56.33.png 1218w\" sizes=\"auto, (max-width: 373px) 100vw, 373px\" \/><\/figure>\n<\/div>\n\n\n<p class=\"has-text-align-center bloc-encadre has-black-color has-white-background-color has-text-color has-background has-medium-font-size\">Gr\u00e2ce au service d\u2019avance imm\u00e9diate de cr\u00e9dit d\u2019imp\u00f4t propos\u00e9 par l&#8217;Urssaf et la direction g\u00e9n\u00e9rale des finances publiques, vous avez la possibilit\u00e9 de ne <span style=\"text-decoration: underline;\"><strong>payer que 50% de votre facture sans avoir \u00e0 attendre l\u2019ann\u00e9e suivante pour profiter de votre cr\u00e9dit d\u2019imp\u00f4t.<\/strong><\/span><\/p>\n\n\n<div class=\"wp-block-image\">\n<figure class=\"alignright size-full is-resized\"><img loading=\"lazy\" decoding=\"async\" src=\"https:\/\/geoffreyandolfo.fr\/wp-content\/uploads\/2022\/08\/Urssaf_Baseline-CMJN.jpg\" alt=\"\" class=\"wp-image-152\" width=\"207\" height=\"60\" srcset=\"https:\/\/geoffreyandolfo.fr\/wp-content\/uploads\/2022\/08\/Urssaf_Baseline-CMJN.jpg 901w, https:\/\/geoffreyandolfo.fr\/wp-content\/uploads\/2022\/08\/Urssaf_Baseline-CMJN-300x87.jpg 300w, https:\/\/geoffreyandolfo.fr\/wp-content\/uploads\/2022\/08\/Urssaf_Baseline-CMJN-768x222.jpg 768w\" sizes=\"auto, (max-width: 207px) 100vw, 207px\" \/><\/figure>\n<\/div>\n\n\n<p>Jusqu\u2019\u00e0 maintenant, pour vos cours de soutien scolaire \u00e0 domicile, vous deviez vous acquitter de la totalit\u00e9 de votre facture et vous ne pouviez b\u00e9n\u00e9ficier de votre cr\u00e9dit d\u2019imp\u00f4t que l\u2019ann\u00e9e suivante (pour moiti\u00e9 en janvier et le solde en septembre), en parall\u00e8le de votre d\u00e9claration de revenus aupr\u00e8s de l\u2019administration fiscale.<\/p>\n\n\n\n<p>Pens\u00e9e par le gouvernement et les f\u00e9d\u00e9rations du service \u00e0 la personne, cette avance imm\u00e9diate de cr\u00e9dit d\u2019imp\u00f4t permet de rendre accessible \u00e0 un plus grand nombre les solutions professionnelles d\u2019accompagnement scolaire \u00e0 domicile, pour r\u00e9duire le travail non d\u00e9clar\u00e9 et cr\u00e9er des emplois.<\/p>\n\n\n\n<p><span style=\"text-decoration: underline;\"><strong><em>Ce nouveau service est optionnel, d\u00e9mat\u00e9rialis\u00e9 et gratuit.<\/em><\/strong><\/span><\/p>\n\n\n\n<p><strong>Ainsi, je me charge toujours de l\u2019ensemble de vos d\u00e9marches.<\/strong><br>Vous n\u2019aurez qu\u2019\u00e0 confirmer votre adh\u00e9sion \u00e0 ce service apr\u00e8s r\u00e9ception d\u2019un email de l\u2019Urssaf.<\/p>\n\n\n\n<p class=\"has-text-align-center has-white-color has-black-background-color has-text-color has-background has-large-font-size\">Comment b\u00e9n\u00e9ficier de l&#8217;avance imm\u00e9diate?<\/p>\n\n\n\n<figure class=\"wp-block-table\"><table><tbody><tr><td class=\"has-text-align-center\" data-align=\"center\"><strong><em>Etape initiale<\/em><\/strong><\/td><\/tr><tr><td class=\"has-text-align-center\" data-align=\"center\">Vous faites la demande aupr\u00e8s de moi-m\u00eame afin de b\u00e9n\u00e9ficier du service \u00ab&nbsp;Avance imm\u00e9diate&nbsp;\u00bb. <br>Un email de l\u2019Urssaf vous est envoy\u00e9 afin d\u2019activer votre compte en ligne sur&nbsp;<strong>www.particulier.urssaf.fr<\/strong> .<\/td><\/tr><tr><td class=\"has-text-align-center\" data-align=\"center\"><\/td><\/tr><\/tbody><\/table><figcaption class=\"wp-element-caption\">Chaque mois<\/figcaption><\/figure>\n\n\n\n<figure class=\"wp-block-table\"><table class=\"has-black-color has-text-color\"><tbody><tr><td class=\"has-text-align-center\" data-align=\"center\"><strong><em>Etape 1<\/em><\/strong><\/td><\/tr><tr><td class=\"has-text-align-center\" data-align=\"center\">J&#8217;\u00e9met une demande de paiement pour les prestations r\u00e9alis\u00e9es \u00e0 votre domicile.<br><strong>L\u2019Avance<\/strong> <strong>imm\u00e9diate de cr\u00e9dit d\u2019imp\u00f4t est<\/strong> <strong>automatiquement d\u00e9duite.<\/strong><\/td><\/tr><tr><td class=\"has-text-align-center\" data-align=\"center\"><\/td><\/tr><tr><td class=\"has-text-align-center\" data-align=\"center\"><em><strong>Etape 2<\/strong><\/em><\/td><\/tr><tr><td class=\"has-text-align-center\" data-align=\"center\">L\u2019Urssaf vous envoie<br><strong>une notification&nbsp;par mail ou SMS&nbsp;<\/strong>pour vous informer qu\u2019une demande&nbsp;de paiement vous a \u00e9t\u00e9 adress\u00e9e<\/td><\/tr><tr><td class=\"has-text-align-center\" data-align=\"center\"><\/td><\/tr><tr><td class=\"has-text-align-center\" data-align=\"center\"><em><strong>Etape <\/strong><\/em><strong><em>3<\/em><\/strong><\/td><\/tr><tr><td class=\"has-text-align-center\" data-align=\"center\">Vous avez&nbsp;<strong>48h&nbsp;<\/strong>pour la v\u00e9rifier&nbsp;et la valider en ligne sur www.particulier.urssaf.fr. <br>Au-del\u00e0 de ce d\u00e9lai, la demande est automatiquement valid\u00e9e.<\/td><\/tr><tr><td class=\"has-text-align-center\" data-align=\"center\"><\/td><\/tr><tr><td class=\"has-text-align-center\" data-align=\"center\"><strong><em>Etape 4<\/em><\/strong><\/td><\/tr><tr><td class=\"has-text-align-center\" data-align=\"center\">\u00c0&nbsp;<strong>J+2&nbsp;<\/strong>apr\u00e8s validation, l\u2019Urssaf pr\u00e9l\u00e8ve le montant de la demande de paiement sur votre compte bancaire.<\/td><\/tr><tr><td class=\"has-text-align-center\" data-align=\"center\"><\/td><\/tr><tr><td class=\"has-text-align-center\" data-align=\"center\"><strong><em>Etape 5<\/em><\/strong><\/td><\/tr><tr><td class=\"has-text-align-center\" data-align=\"center\">L\u2019Urssaf verse la totalit\u00e9 de la prestation \u00e0 votre organisme, qui r\u00e9mun\u00e8re l\u2019intervenant.<br>Votre d\u00e9claration de revenus est pr\u00e9-remplie, vous n\u2019avez plus qu\u2019\u00e0&nbsp;<strong>v\u00e9rifier l\u2019exactitude des&nbsp;informations.<\/strong><\/td><\/tr><tr><td class=\"has-text-align-center\" data-align=\"center\"><\/td><\/tr><\/tbody><\/table><\/figure>\n\n\n\n<p class=\"has-text-align-center bloc-encadre has-white-color has-black-background-color has-text-color has-background has-large-font-size\"><strong><span style=\"text-decoration: underline;\">Exemple concret<\/span><\/strong><\/p>\n\n\n\n<h2 class=\"wp-block-heading has-vivid-red-color has-text-color has-medium-font-size\">Avant l&#8217;avance imm\u00e9diate du cr\u00e9dit d&#8217;imp\u00f4t<\/h2>\n\n\n\n<ul class=\"wp-block-list\">\n<li>Je paye 200\u20ac chaque mois.<\/li>\n\n\n\n<li>L\u2019ann\u00e9e suivante l\u2019\u00e9tat me rembourse 50% des sommes d\u00e9pens\u00e9es pour mes cours \u00e0 domicile (soit&nbsp;<strong>100\u20ac<\/strong>&nbsp;pour chaque mois de cours effectu\u00e9)<\/li>\n<\/ul>\n\n\n\n<h2 class=\"wp-block-heading has-vivid-red-color has-text-color has-medium-font-size\">Apr\u00e8s l&#8217;avance imm\u00e9diate du cr\u00e9dit d&#8217;imp\u00f4t<\/h2>\n\n\n\n<p class=\"has-text-align-center bloc-encadre has-medium-font-size\">Je paye&nbsp;seulement&nbsp;<strong>100\u20ac<\/strong>&nbsp;chaque mois<\/p>\n\n\n\n<p class=\"has-large-font-size\">Au final&#8230; <\/p>\n\n\n\n<p><strong>Vous avez le choix de g\u00e9rer votre budget selon vos souhaits&nbsp;:<\/strong><\/p>\n\n\n\n<ul class=\"wp-block-list\">\n<li>Vous pouvez continuer \u00e0 profiter du cr\u00e9dit d\u2019imp\u00f4t comme aujourd\u2019hui&nbsp;; soit 2&nbsp;fois par an (avance en janvier et solde en septembre). Aucune inqui\u00e9tude, rien ne change pour vous.<br><\/li>\n\n\n\n<li>Ou vous pouvez opter pour l\u2019avance imm\u00e9diate des 50% correspondant au cr\u00e9dit d\u2019imp\u00f4t. Il suffit juste de me le signaler. Je m&#8217;occupe de toutes les d\u00e9marches aupr\u00e8s de l\u2019administration fiscale.<\/li>\n<\/ul>\n\n\n\n<p class=\"has-vivid-red-color has-text-color\"><strong><em>Pour plus de renseignement sur ce dispositif, n\u2019h\u00e9sitez pas \u00e0 me contacter. Je me ferais un plaisir de r\u00e9pondre \u00e0 votre besoin.<\/em><\/strong><\/p>\n\n\n\n<ol class=\"wp-block-list\">\n<li><em>50 % de cr\u00e9dit d\u2019imp\u00f4ts <\/em><br><em>sur le co\u00fbt horaire charges<br>sociales incluses, dans les<br>conditions pos\u00e9es par l\u2019art.<br>199 sexdecies du CGI, sous<br>r\u00e9serve de modification de<br>la l\u00e9gislation.<br><\/em><\/li>\n\n\n\n<li><em>Tarif \u00e9volutif selon le<br>niveau de l&#8217;\u00e9l\u00e8ve et la<br>distance kilom\u00e9trique.<\/em><br><\/li>\n\n\n\n<li><a href=\"https:\/\/www.impots.gouv.fr\/portail\/particulier\/emploi-domicile\" data-type=\"URL\" data-id=\"https:\/\/www.impots.gouv.fr\/portail\/particulier\/emploi-domicile\">https:\/\/www.impots.gouv.fr\/portail\/particulier\/emploi-domicile<\/a><\/li>\n<\/ol>\n","protected":false},"excerpt":{"rendered":"<div class=\"entry-summary\">\nTarifs \u00e0 partir de35\u20acTTC\/H de l\u2019heure (1, 2) Nouveau : Ne payez que 50% du prix de vos cours \u00e0 domicile gr\u00e2ce \u00e0 l&#8217;avance imm\u00e9diate (3). L&#8217;avance imm\u00e9diate de l&#8217;Urssaf, c&#8217;est quoi ? L\u2019Urssaf cr\u00e9e le service Avance imm\u00e9diate, qui permet \u00e0 tousles particuliers qui ont recours aux services \u00e0 la personne de b\u00e9n\u00e9ficier&nbsp;de leur&hellip;\n<\/div>\n<div class=\"link-more\"><a href=\"https:\/\/geoffreyandolfo.fr\/index.php\/tarifs\/\" class=\"more-link\">Continue reading<span class=\"screen-reader-text\"> &ldquo;Tarifs et Avance imm\u00e9diate&rdquo;<\/span>&hellip;<\/a><\/div>\n","protected":false},"author":1,"featured_media":0,"parent":0,"menu_order":0,"comment_status":"closed","ping_status":"closed","template":"","meta":{"footnotes":""},"class_list":["post-54","page","type-page","status-publish","hentry","entry"],"_links":{"self":[{"href":"https:\/\/geoffreyandolfo.fr\/index.php\/wp-json\/wp\/v2\/pages\/54","targetHints":{"allow":["GET"]}}],"collection":[{"href":"https:\/\/geoffreyandolfo.fr\/index.php\/wp-json\/wp\/v2\/pages"}],"about":[{"href":"https:\/\/geoffreyandolfo.fr\/index.php\/wp-json\/wp\/v2\/types\/page"}],"author":[{"embeddable":true,"href":"https:\/\/geoffreyandolfo.fr\/index.php\/wp-json\/wp\/v2\/users\/1"}],"replies":[{"embeddable":true,"href":"https:\/\/geoffreyandolfo.fr\/index.php\/wp-json\/wp\/v2\/comments?post=54"}],"version-history":[{"count":19,"href":"https:\/\/geoffreyandolfo.fr\/index.php\/wp-json\/wp\/v2\/pages\/54\/revisions"}],"predecessor-version":[{"id":207,"href":"https:\/\/geoffreyandolfo.fr\/index.php\/wp-json\/wp\/v2\/pages\/54\/revisions\/207"}],"wp:attachment":[{"href":"https:\/\/geoffreyandolfo.fr\/index.php\/wp-json\/wp\/v2\/media?parent=54"}],"curies":[{"name":"wp","href":"https:\/\/api.w.org\/{rel}","templated":true}]}}