{"id":58,"date":"2021-05-23T17:48:01","date_gmt":"2021-05-23T15:48:01","guid":{"rendered":"https:\/\/geoffreyandolfo.fr\/?page_id=58"},"modified":"2021-08-09T11:32:04","modified_gmt":"2021-08-09T09:32:04","slug":"livre-dor","status":"publish","type":"page","link":"https:\/\/geoffreyandolfo.fr\/index.php\/livre-dor\/","title":{"rendered":"Livre d&#8217;or"},"content":{"rendered":"\n<blockquote class=\"wp-block-quote is-layout-flow wp-block-quote-is-layout-flow\"><p><em>&#8220;Monsieur Andolfo m&#8217;a permis de progresser efficacement dans le domaine de la g\u00e9om\u00e9trie. Pourtant j&#8217;avais de s\u00e9rieuses lacunes ! Merci encore pour votre aide ! :<\/em>)&#8221;<\/p><cite>G\u00e9rard, 40 ans, p\u00e8re de Maxime, 11 ans, Bousse<\/cite><\/blockquote>\n\n\n\n<blockquote class=\"wp-block-quote is-layout-flow wp-block-quote-is-layout-flow\"><p><em>&#8220;Progresser autant me paraissait impossible. Le CRPE est dans la poche et c&#8217;est un peu gr\u00e2ce au professeur Andolfo !&#8221;<\/em><\/p><cite>Virginie, 24 ans, Thionville<\/cite><\/blockquote>\n\n\n\n<blockquote class=\"wp-block-quote is-layout-flow wp-block-quote-is-layout-flow\"><p><em>&#8220;Merci pour vos cours! Des cours clairs, pr\u00e9cis et enrichissants. Vous avez su avec votre patience me redonner l&#8217;envie des math\u00e9matiques. Merci encore&#8221;<\/em><\/p><cite>Emma, 18 ans, Faulquemont<\/cite><\/blockquote>\n\n\n\n<blockquote class=\"wp-block-quote is-layout-flow wp-block-quote-is-layout-flow\"><p><em>&#8220;Merci beaucoup de m&#8217;avoir suivi pendant ces 2 ann\u00e9es au lyc\u00e9e! Vos cours m&#8217;ont permis de remonter ma moyenne et ont contribu\u00e9 l&#8217;obtention de mon bac. \u00c7a m&#8217;a fait tr\u00e8s plaisir de vous avoir comme prof durant ces ann\u00e9es ! Vous \u00eates un tr\u00e8s gentil prof qui explique vachement bien. <\/em><\/p><cite>Lisa, 18 ans<\/cite><\/blockquote>\n\n\n\n<blockquote class=\"wp-block-quote is-style-default is-layout-flow wp-block-quote-is-layout-flow\"><p><em>&#8220;Je ne pensais pas pouvoir progresser de mani\u00e8re si rapide. J&#8217;avais une grande appr\u00e9hension avec le COVID mais vous m&#8217;avez rassur\u00e9e. Un grand merci pour toute votre gentillesse et votre travail.&#8221;<\/em><\/p><p><\/p><cite><em style=\"color: initial;\">Lucie, 18 ans, Sarralbe<\/em> <\/cite><\/blockquote>\n","protected":false},"excerpt":{"rendered":"<div class=\"entry-summary\">\n&#8220;Monsieur Andolfo m&#8217;a permis de progresser efficacement dans le domaine de la g\u00e9om\u00e9trie. Pourtant j&#8217;avais de s\u00e9rieuses lacunes ! Merci encore pour votre aide ! :)&#8221; G\u00e9rard, 40 ans, p\u00e8re de Maxime, 11 ans, Bousse &#8220;Progresser autant me paraissait impossible. Le CRPE est dans la poche et c&#8217;est un peu gr\u00e2ce au professeur Andolfo !&#8221;&hellip;\n<\/div>\n<div class=\"link-more\"><a href=\"https:\/\/geoffreyandolfo.fr\/index.php\/livre-dor\/\" class=\"more-link\">Continue reading<span class=\"screen-reader-text\"> &ldquo;Livre d&#8217;or&rdquo;<\/span>&hellip;<\/a><\/div>\n","protected":false},"author":1,"featured_media":0,"parent":0,"menu_order":0,"comment_status":"closed","ping_status":"closed","template":"","meta":{"footnotes":""},"class_list":["post-58","page","type-page","status-publish","hentry","entry"],"_links":{"self":[{"href":"https:\/\/geoffreyandolfo.fr\/index.php\/wp-json\/wp\/v2\/pages\/58","targetHints":{"allow":["GET"]}}],"collection":[{"href":"https:\/\/geoffreyandolfo.fr\/index.php\/wp-json\/wp\/v2\/pages"}],"about":[{"href":"https:\/\/geoffreyandolfo.fr\/index.php\/wp-json\/wp\/v2\/types\/page"}],"author":[{"embeddable":true,"href":"https:\/\/geoffreyandolfo.fr\/index.php\/wp-json\/wp\/v2\/users\/1"}],"replies":[{"embeddable":true,"href":"https:\/\/geoffreyandolfo.fr\/index.php\/wp-json\/wp\/v2\/comments?post=58"}],"version-history":[{"count":26,"href":"https:\/\/geoffreyandolfo.fr\/index.php\/wp-json\/wp\/v2\/pages\/58\/revisions"}],"predecessor-version":[{"id":146,"href":"https:\/\/geoffreyandolfo.fr\/index.php\/wp-json\/wp\/v2\/pages\/58\/revisions\/146"}],"wp:attachment":[{"href":"https:\/\/geoffreyandolfo.fr\/index.php\/wp-json\/wp\/v2\/media?parent=58"}],"curies":[{"name":"wp","href":"https:\/\/api.w.org\/{rel}","templated":true}]}}